{"id":10,"date":"2016-09-01T22:09:06","date_gmt":"2016-09-01T22:09:06","guid":{"rendered":"http:\/\/me-busca.cl\/abogados\/?page_id=10"},"modified":"2016-09-13T17:15:33","modified_gmt":"2016-09-13T17:15:33","slug":"areas-de-especialidad","status":"publish","type":"page","link":"https:\/\/www.molinarillonycia.cl\/index.php\/areas-de-especialidad\/","title":{"rendered":"\u00c1reas de especialidad"},"content":{"rendered":"<div id=\"pl-10\"><div class=\"panel-grid\" id=\"pg-10-0\" ><div class=\"panel-grid-cell\" id=\"pgc-10-0-0\" ><div class=\"so-panel widget widget_sow-editor panel-first-child\" id=\"panel-10-0-0-0\" data-index=\"0\"><div class=\"cuadro panel-widget-style\" ><div class=\"so-widget-sow-editor so-widget-sow-editor-base\"><h3 class=\"widget-title\">Derecho Penal<\/h3>\n<div class=\"siteorigin-widget-tinymce textwidget\">\n\t<p>Derecho Penal Econ\u00f3mico,\u00a0 Delitos contra la vida, integridad corporal,\u00a0 libertad ambulatoria, delitos sexuales, delitos patrimoniales y la propiedad, delitos tributarios, sistemas de prevenci\u00f3n de delitos, ley de responsabilidad de las personas jur\u00eddicas, ley de violencia intrafamiliar, Derecho penal ante Fiscal\u00eda militar, Derecho Penal Tributario, denuncias ante la comisi\u00f3n y corte inter-americana de derechos humanos, delitos vinculados a la nueva ley de insolvencia y reemprendimiento (Ley 20.720), <em><strong>(previo diagn\u00f3stico del caso antes de asumir una causa).<\/strong><\/em><\/p>\n<\/div>\n<\/div><\/div><\/div><div class=\"so-panel widget widget_sow-editor\" id=\"panel-10-0-0-1\" data-index=\"1\"><div class=\"cuadro panel-widget-style\" ><div class=\"so-widget-sow-editor so-widget-sow-editor-base\"><h3 class=\"widget-title\">Derecho de Familia<\/h3>\n<div class=\"siteorigin-widget-tinymce textwidget\">\n\t<p>Molina Rill\u00f3n y C\u00eda. En la b\u00fasqueda por conciliar los conflictos provenientes de la familia, posee abogados especializados en derecho de familia, quienes podr\u00e1n asesoras en temas tales como: Alimentos, Relaci\u00f3n directa y regular, Reconocimiento de Paternidad, Divorcios Unilaterales y de Mutuo Acuerdo, Reconocimiento de Paternidad, cuidado personal, autorizaci\u00f3n para salir del pa\u00eds, declaraci\u00f3n de bien familiar, rebaja o aumento de alimentos, por mencionar algunos m\u00e1s comunes.<\/p>\n<\/div>\n<\/div><\/div><\/div><div class=\"so-panel widget widget_sow-editor\" id=\"panel-10-0-0-2\" data-index=\"2\"><div class=\"cuadro panel-widget-style\" ><div class=\"so-widget-sow-editor so-widget-sow-editor-base\"><h3 class=\"widget-title\">Derecho Laboral<\/h3>\n<div class=\"siteorigin-widget-tinymce textwidget\">\n\t<p>Molina Rill\u00f3n y C\u00eda. Procura asesora tanto al trabajador como a la empresa, en funci\u00f3n de la defensa de la \u00a0relaci\u00f3n laboral.<\/p>\n<p>As\u00ed las cosas, el estudio ofrece servicios a los trabajadores, ya sean en su relaci\u00f3n individual o colectiva, en los siguientes temas: Despidos injustificados, Indemnizaci\u00f3n por despido, horas extraordinarias, gratificaciones obligatorias, discriminaci\u00f3n laboral en conformidad con la aplicaci\u00f3n del procedimiento de tutela laboral u otras garant\u00edas vulneradas \u2013 ciudadan\u00eda en la empresa, seguro de cesant\u00eda, ley de accidentes del trabajo y enfermedades profesionales, pr\u00e1cticas antisindicales, entre otros, tanto en Tribunales de Justicia como ante la Inspecci\u00f3n del Trabajo.<\/p>\n<p>Por otro lado, a los empleadores se les ofrece asesor\u00eda puntual o permanente para su empresa, ya sea en procesos de contrataci\u00f3n, negociaciones colectivas, despidos, finiquitos, etc.<\/p>\n<\/div>\n<\/div><\/div><\/div><div class=\"so-panel widget widget_sow-editor\" id=\"panel-10-0-0-3\" data-index=\"3\"><div class=\"cuadro panel-widget-style\" ><div class=\"so-widget-sow-editor so-widget-sow-editor-base\"><h3 class=\"widget-title\">Derecho Civil y Administrativo<\/h3>\n<div class=\"siteorigin-widget-tinymce textwidget\">\n\t<p>Como es parte natural de las relaciones entre las personales naturales y\/o jur\u00eddicas, estas pueden importar problemas y conflictos que requieran asesor\u00edas integrales y complejas. Sin inhibirnos ante el desaf\u00edo, Molina Rill\u00f3n y C\u00eda. Ofrece un despliegue durante todo el juicio civil, en temas tales como: indemnizaciones de perjuicios, responsabilidad contractual y extracontractual, acci\u00f3n de nulidad, aplicaci\u00f3n de la ley antidiscriminaci\u00f3n (Ley Zamudio), juicios hipotecarios, o nulidades de derecho p\u00fablico, juicios contra el estado, entre otros.<\/p>\n<\/div>\n<\/div><\/div><\/div><div class=\"so-panel widget widget_sow-editor panel-last-child\" id=\"panel-10-0-0-4\" data-index=\"4\"><div class=\"cuadro panel-widget-style\" ><div class=\"so-widget-sow-editor so-widget-sow-editor-base\"><h3 class=\"widget-title\">Derecho Corporativo<\/h3>\n<div class=\"siteorigin-widget-tinymce textwidget\">\n\t<p>Molina Rill\u00f3n y C\u00eda. Asesora a empresas en su creaci\u00f3n como sociedad, por lo que contamos con abogados expertos que asesorar\u00e1n en todos lo que importe el buen devenir de su emprendimiento. En este sentido, el estudio asesorar\u00e1 en temas como: constituci\u00f3n, disoluci\u00f3n, modificaci\u00f3n, redacci\u00f3n de escrituras, juntas de accionistas, entre otros.<\/p>\n<\/div>\n<\/div><\/div><\/div><\/div><\/div><\/div>","protected":false},"excerpt":{"rendered":"<p>Derecho Penal Derecho Penal Econ\u00f3mico,\u00a0 Delitos contra la vida, integridad corporal,\u00a0 libertad ambulatoria, delitos sexuales, delitos patrimoniales y la propiedad, delitos tributarios, sistemas de prevenci\u00f3n de delitos, ley de responsabilidad de las personas jur\u00eddicas, ley de violencia intrafamiliar, Derecho penal ante Fiscal\u00eda militar, Derecho Penal Tributario, denuncias ante la comisi\u00f3n y corte inter-americana de derechos &#8230; <a title=\"\u00c1reas de especialidad\" class=\"read-more\" href=\"https:\/\/www.molinarillonycia.cl\/index.php\/areas-de-especialidad\/\">Leer m\u00e1s<\/a><\/p>\n","protected":false},"author":1,"featured_media":0,"parent":0,"menu_order":0,"comment_status":"closed","ping_status":"closed","template":"","meta":{"footnotes":""},"class_list":["post-10","page","type-page","status-publish"],"_links":{"self":[{"href":"https:\/\/www.molinarillonycia.cl\/index.php\/wp-json\/wp\/v2\/pages\/10"}],"collection":[{"href":"https:\/\/www.molinarillonycia.cl\/index.php\/wp-json\/wp\/v2\/pages"}],"about":[{"href":"https:\/\/www.molinarillonycia.cl\/index.php\/wp-json\/wp\/v2\/types\/page"}],"author":[{"embeddable":true,"href":"https:\/\/www.molinarillonycia.cl\/index.php\/wp-json\/wp\/v2\/users\/1"}],"replies":[{"embeddable":true,"href":"https:\/\/www.molinarillonycia.cl\/index.php\/wp-json\/wp\/v2\/comments?post=10"}],"version-history":[{"count":17,"href":"https:\/\/www.molinarillonycia.cl\/index.php\/wp-json\/wp\/v2\/pages\/10\/revisions"}],"predecessor-version":[{"id":130,"href":"https:\/\/www.molinarillonycia.cl\/index.php\/wp-json\/wp\/v2\/pages\/10\/revisions\/130"}],"wp:attachment":[{"href":"https:\/\/www.molinarillonycia.cl\/index.php\/wp-json\/wp\/v2\/media?parent=10"}],"curies":[{"name":"wp","href":"https:\/\/api.w.org\/{rel}","templated":true}]}}