{"id":6,"date":"2016-09-01T22:08:08","date_gmt":"2016-09-01T22:08:08","guid":{"rendered":"http:\/\/me-busca.cl\/abogados\/?page_id=6"},"modified":"2016-09-13T16:23:37","modified_gmt":"2016-09-13T16:23:37","slug":"quienes-somos","status":"publish","type":"page","link":"https:\/\/www.molinarillonycia.cl\/index.php\/quienes-somos\/","title":{"rendered":"Quienes somos"},"content":{"rendered":"<div id=\"pl-6\"><div class=\"panel-grid\" id=\"pg-6-0\" ><div class=\"panel-grid-cell\" id=\"pgc-6-0-0\" ><div class=\"so-panel widget widget_sow-editor panel-first-child\" id=\"panel-6-0-0-0\" data-index=\"0\"><div class=\"so-widget-sow-editor so-widget-sow-editor-base\">\n<div class=\"siteorigin-widget-tinymce textwidget\">\n\t<p><img fetchpriority=\"high\" fetchpriority=\"high\" decoding=\"async\" class=\"alignnone size-full wp-image-98\" src=\"http:\/\/www.molinarillonycia.cl\/beta\/wp-content\/uploads\/2016\/09\/banner-pagina2.jpg\" alt=\"banner-pagina2\" width=\"1009\" height=\"245\" srcset=\"https:\/\/www.molinarillonycia.cl\/wp-content\/uploads\/2016\/09\/banner-pagina2.jpg 1009w, https:\/\/www.molinarillonycia.cl\/wp-content\/uploads\/2016\/09\/banner-pagina2-300x73.jpg 300w, https:\/\/www.molinarillonycia.cl\/wp-content\/uploads\/2016\/09\/banner-pagina2-768x186.jpg 768w\" sizes=\"(max-width: 1009px) 100vw, 1009px\" \/><\/p>\n<\/div>\n<\/div><\/div><div class=\"so-panel widget widget_sow-editor panel-last-child\" id=\"panel-6-0-0-1\" data-index=\"1\"><div class=\"so-widget-sow-editor so-widget-sow-editor-base\">\n<div class=\"siteorigin-widget-tinymce textwidget\">\n\t<p style=\"text-align: justify; font-weight: bold;\">Molina Rill\u00f3n y Compa\u00f1\u00eda es un equipo altamente especializado, liderados por el abogado penalista Rodrigo Molina Rill\u00f3n, quien se ha destacado en el trabajo de la primera condena en manipulaci\u00f3n burs\u00e1til y uso de informaci\u00f3n privilegiada en Chile en aplicaci\u00f3n de la ley de mercados de capitales, as\u00ed como tambi\u00e9n la primera declaraci\u00f3n previa de error judicial posterior a la Reforma Procesal Penal ante la Excelent\u00edsima Corte Suprema.<\/p>\n<p style=\"text-align: justify;\">Rodrigo Molina Rill\u00f3n, ha sido abogado destacado en complejos delitos econ\u00f3micos, por ejemplo el caso Schwager.<\/p>\n<p style=\"text-align: justify;\">Adem\u00e1s del \u00e1rea de derecho penal tanto en juicios como asesor\u00eda en modelos de prevenci\u00f3n, se cuentan con abogados especializados en litigaci\u00f3n compleja en \u00e1reas de familia, derecho del trabajo individual y colectivo, asesor\u00edas a empresas o personas, en el \u00e1rea de sociedades, derecho corporativo, juicios civiles.<\/p>\n<p style=\"text-align: justify;\">Nuestra firma entrega servicios legales integrales, donde nuestra fuerza proviene de nuestro enfoque de una sola firma, que no se inhibe frente a los desaf\u00edos y con un esp\u00edritu com\u00fan de cada uno de nuestros socios. Gracias a esto, nos permite ofrecer un servicio de excelencia a nuestros clientes.<\/p>\n<\/div>\n<\/div><\/div><\/div><\/div><div class=\"panel-grid\" id=\"pg-6-1\" ><div class=\"panel-grid-cell\" id=\"pgc-6-1-0\" ><div class=\"so-panel widget widget_text panel-first-child panel-last-child\" id=\"panel-6-1-0-0\" data-index=\"2\"><div class=\"cuadro panel-widget-style\" ><h3 class=\"widget-title\">An\u00e1lisis del caso<\/h3>\t\t\t<div class=\"textwidget\">Un buen an\u00e1lisis de caso o problema, permite ver las diferentes variables o campos que se pueden presentar en el caso. Incluso, puede ir m\u00e1s all\u00e1 de lo estrictamente legal, a trav\u00e9s de negociaciones, que permitan buscar una soluci\u00f3n m\u00e1s \u00edntegra del problema. Solo un buen an\u00e1lisis permite solucionar de mejor manera la dificultad del cliente.<\/div>\n\t\t<\/div><\/div><\/div><div class=\"panel-grid-cell\" id=\"pgc-6-1-1\" ><div class=\"so-panel widget widget_text panel-first-child panel-last-child\" id=\"panel-6-1-1-0\" data-index=\"3\"><div class=\"cuadro panel-widget-style\" ><h3 class=\"widget-title\">Metas a considerar<\/h3>\t\t\t<div class=\"textwidget\">Los objetivos que busca el cliente son las interrogantes que nuestro estudio debe tener en cuenta y ser respondidas, para poder dise\u00f1ar una estrategia en conjunto con el cliente. Teniendo claro las metas  se puede planificar de manera adecuada.<\/div>\n\t\t<\/div><\/div><\/div><div class=\"panel-grid-cell\" id=\"pgc-6-1-2\" ><div class=\"so-panel widget widget_text panel-first-child panel-last-child\" id=\"panel-6-1-2-0\" data-index=\"4\"><div class=\"cuadro panel-widget-style\" ><h3 class=\"widget-title\">Estrategia en conjunto<\/h3>\t\t\t<div class=\"textwidget\">Buscar el mecanismo m\u00e1s adecuado para buscar una soluci\u00f3n, es parte de la relaci\u00f3n y trabajo en conjunto entre abogado \u2013 cliente. Desde esa perspectiva, se pueden considerar litigaciones, negociaciones u otros mecanismos para solucionar las disputas.<\/div>\n\t\t<\/div><\/div><\/div><\/div><\/div>","protected":false},"excerpt":{"rendered":"<p>Molina Rill\u00f3n y Compa\u00f1\u00eda es un equipo altamente especializado, liderados por el abogado penalista Rodrigo Molina Rill\u00f3n, quien se ha destacado en el trabajo de la primera condena en manipulaci\u00f3n burs\u00e1til y uso de informaci\u00f3n privilegiada en Chile en aplicaci\u00f3n de la ley de mercados de capitales, as\u00ed como tambi\u00e9n la primera declaraci\u00f3n previa de &#8230; <a title=\"Quienes somos\" class=\"read-more\" href=\"https:\/\/www.molinarillonycia.cl\/index.php\/quienes-somos\/\">Leer m\u00e1s<\/a><\/p>\n","protected":false},"author":1,"featured_media":0,"parent":0,"menu_order":0,"comment_status":"closed","ping_status":"closed","template":"","meta":{"footnotes":""},"class_list":["post-6","page","type-page","status-publish"],"_links":{"self":[{"href":"https:\/\/www.molinarillonycia.cl\/index.php\/wp-json\/wp\/v2\/pages\/6"}],"collection":[{"href":"https:\/\/www.molinarillonycia.cl\/index.php\/wp-json\/wp\/v2\/pages"}],"about":[{"href":"https:\/\/www.molinarillonycia.cl\/index.php\/wp-json\/wp\/v2\/types\/page"}],"author":[{"embeddable":true,"href":"https:\/\/www.molinarillonycia.cl\/index.php\/wp-json\/wp\/v2\/users\/1"}],"replies":[{"embeddable":true,"href":"https:\/\/www.molinarillonycia.cl\/index.php\/wp-json\/wp\/v2\/comments?post=6"}],"version-history":[{"count":14,"href":"https:\/\/www.molinarillonycia.cl\/index.php\/wp-json\/wp\/v2\/pages\/6\/revisions"}],"predecessor-version":[{"id":123,"href":"https:\/\/www.molinarillonycia.cl\/index.php\/wp-json\/wp\/v2\/pages\/6\/revisions\/123"}],"wp:attachment":[{"href":"https:\/\/www.molinarillonycia.cl\/index.php\/wp-json\/wp\/v2\/media?parent=6"}],"curies":[{"name":"wp","href":"https:\/\/api.w.org\/{rel}","templated":true}]}}